{"id":112,"date":"2025-01-15T16:08:41","date_gmt":"2025-01-15T16:08:41","guid":{"rendered":"https:\/\/eventreisen-northing.de\/?page_id=112"},"modified":"2025-01-15T16:08:41","modified_gmt":"2025-01-15T16:08:41","slug":"roadtrips","status":"publish","type":"page","link":"https:\/\/eventreisen-northing.de\/?page_id=112","title":{"rendered":"Roadtrips"},"content":{"rendered":"\n<div class=\"wp-block-cover wp-duotone-001a29-00b4e5-1\"><span aria-hidden=\"true\" class=\"wp-block-cover__background has-background-dim\"><\/span><img loading=\"lazy\" decoding=\"async\" width=\"1920\" height=\"1080\" class=\"wp-block-cover__image-background wp-image-48\" alt=\"\" src=\"https:\/\/eventreisen-northing.de\/wp-content\/uploads\/2025\/01\/pexels-thelazyartist-1170345-edited.jpg\" data-object-fit=\"cover\" srcset=\"https:\/\/eventreisen-northing.de\/wp-content\/uploads\/2025\/01\/pexels-thelazyartist-1170345-edited.jpg 1920w, https:\/\/eventreisen-northing.de\/wp-content\/uploads\/2025\/01\/pexels-thelazyartist-1170345-edited-768x432.jpg 768w, https:\/\/eventreisen-northing.de\/wp-content\/uploads\/2025\/01\/pexels-thelazyartist-1170345-edited-1536x864.jpg 1536w\" sizes=\"auto, (max-width: 1920px) 100vw, 1920px\" \/><div class=\"wp-block-cover__inner-container is-layout-flow wp-block-cover-is-layout-flow\">\n<h2 class=\"wp-block-heading has-text-align-center\">Roadtrips<\/h2>\n\n\n\n<h3 class=\"wp-block-heading has-text-align-center\">Freiheit auf vier R\u00e4der<\/h3>\n<\/div><\/div>\n\n\n\n<p><\/p>\n\n\n\n<p class=\"has-text-align-center\"><strong>Erlebe die Welt auf deine Weise mit einem ma\u00dfgeschneiderten Roadtrip!<\/strong><br><\/p>\n\n\n\n<p>Ob durch endlose W\u00fcstenstra\u00dfen, vorbei an atemberaubenden K\u00fcsten oder quer durch pulsierende Metropolen &#8211; jede Reise wird zum Abenteuer.<br><\/p>\n\n\n\n<p>Sp\u00fcre die Freiheit, jeden Tag neu zu entscheiden, wohin die Stra\u00dfe dich f\u00fchrt, und wach an Orten auf, von denen du gestern noch nichts wusstest, dass sie existieren.<\/p>\n\n\n\n<p>Wir planen die perfekte Route, k\u00fcmmern uns um Fahrzeuge und Unterk\u00fcnfte und lassen deinen Traum von grenzenlosen Reisen Wirklichkeit werden.<\/p>\n","protected":false},"excerpt":{"rendered":"<p>Erlebe die Welt auf deine Weise mit einem ma\u00dfgeschneiderten Roadtrip! Ob durch endlose W\u00fcstenstra\u00dfen, vorbei an atemberaubenden K\u00fcsten oder quer durch pulsierende Metropolen &#8211; jede Reise wird zum Abenteuer. Sp\u00fcre die Freiheit, jeden Tag neu zu entscheiden, wohin die Stra\u00dfe dich f\u00fchrt, und wach an Orten auf, von denen du gestern noch nichts wusstest, dass [&hellip;]<\/p>\n","protected":false},"author":1,"featured_media":0,"parent":0,"menu_order":0,"comment_status":"closed","ping_status":"closed","template":"","meta":{"footnotes":""},"class_list":["post-112","page","type-page","status-publish","hentry"],"_links":{"self":[{"href":"https:\/\/eventreisen-northing.de\/index.php?rest_route=\/wp\/v2\/pages\/112","targetHints":{"allow":["GET"]}}],"collection":[{"href":"https:\/\/eventreisen-northing.de\/index.php?rest_route=\/wp\/v2\/pages"}],"about":[{"href":"https:\/\/eventreisen-northing.de\/index.php?rest_route=\/wp\/v2\/types\/page"}],"author":[{"embeddable":true,"href":"https:\/\/eventreisen-northing.de\/index.php?rest_route=\/wp\/v2\/users\/1"}],"replies":[{"embeddable":true,"href":"https:\/\/eventreisen-northing.de\/index.php?rest_route=%2Fwp%2Fv2%2Fcomments&post=112"}],"version-history":[{"count":1,"href":"https:\/\/eventreisen-northing.de\/index.php?rest_route=\/wp\/v2\/pages\/112\/revisions"}],"predecessor-version":[{"id":113,"href":"https:\/\/eventreisen-northing.de\/index.php?rest_route=\/wp\/v2\/pages\/112\/revisions\/113"}],"wp:attachment":[{"href":"https:\/\/eventreisen-northing.de\/index.php?rest_route=%2Fwp%2Fv2%2Fmedia&parent=112"}],"curies":[{"name":"wp","href":"https:\/\/api.w.org\/{rel}","templated":true}]}}