{"id":114,"date":"2025-01-15T16:09:07","date_gmt":"2025-01-15T16:09:07","guid":{"rendered":"https:\/\/eventreisen-northing.de\/?page_id=114"},"modified":"2025-01-15T16:09:07","modified_gmt":"2025-01-15T16:09:07","slug":"spiele-events","status":"publish","type":"page","link":"https:\/\/eventreisen-northing.de\/?page_id=114","title":{"rendered":"Spiele-Events"},"content":{"rendered":"\n<div class=\"wp-block-cover wp-duotone-001a29-00b4e5-1\"><span aria-hidden=\"true\" class=\"wp-block-cover__background has-background-dim\"><\/span><img loading=\"lazy\" decoding=\"async\" width=\"2560\" height=\"1440\" class=\"wp-block-cover__image-background wp-image-51\" alt=\"\" src=\"https:\/\/eventreisen-northing.de\/wp-content\/uploads\/2025\/01\/pexels-rdne-7551762-edited-1-scaled.jpg\" data-object-fit=\"cover\" srcset=\"https:\/\/eventreisen-northing.de\/wp-content\/uploads\/2025\/01\/pexels-rdne-7551762-edited-1-scaled.jpg 2560w, https:\/\/eventreisen-northing.de\/wp-content\/uploads\/2025\/01\/pexels-rdne-7551762-edited-1-768x432.jpg 768w, https:\/\/eventreisen-northing.de\/wp-content\/uploads\/2025\/01\/pexels-rdne-7551762-edited-1-1536x864.jpg 1536w, https:\/\/eventreisen-northing.de\/wp-content\/uploads\/2025\/01\/pexels-rdne-7551762-edited-1-2048x1152.jpg 2048w\" sizes=\"auto, (max-width: 2560px) 100vw, 2560px\" \/><div class=\"wp-block-cover__inner-container is-layout-flow wp-block-cover-is-layout-flow\">\n<h2 class=\"wp-block-heading has-text-align-center\">Spiele-Events<\/h2>\n\n\n\n<h3 class=\"wp-block-heading has-text-align-center\">Spielspa\u00df und Partylaune<\/h3>\n<\/div><\/div>\n\n\n\n<p class=\"has-text-align-center\"><strong>Tauche ein in actiongeladene Spiele-Events, bei denen Spa\u00df und Teamgeist im Vordergrund stehen!<\/strong> <\/p>\n\n\n\n<p>Ob \u201eSpiel ohne Grenzen\u201c, Brennball mitten in K\u00f6ln\u201c, \u201eSchnitzeljagd\u201c oder andere verr\u00fcckte Herausforderungen &#8211; hier wird ordentlich gefeiert.<\/p>\n\n\n\n<p>Mit Musik, dem ein oder anderen alkoholischen Kaltgetr\u00e4nk und guter Laune sorgen wir f\u00fcr unvergessliche Wochenend-Abenteuer!<\/p>\n","protected":false},"excerpt":{"rendered":"<p>Tauche ein in actiongeladene Spiele-Events, bei denen Spa\u00df und Teamgeist im Vordergrund stehen! Ob \u201eSpiel ohne Grenzen\u201c, Brennball mitten in K\u00f6ln\u201c, \u201eSchnitzeljagd\u201c oder andere verr\u00fcckte Herausforderungen &#8211; hier wird ordentlich gefeiert. Mit Musik, dem ein oder anderen alkoholischen Kaltgetr\u00e4nk und guter Laune sorgen wir f\u00fcr unvergessliche Wochenend-Abenteuer!<\/p>\n","protected":false},"author":1,"featured_media":0,"parent":0,"menu_order":0,"comment_status":"closed","ping_status":"closed","template":"","meta":{"footnotes":""},"class_list":["post-114","page","type-page","status-publish","hentry"],"_links":{"self":[{"href":"https:\/\/eventreisen-northing.de\/index.php?rest_route=\/wp\/v2\/pages\/114","targetHints":{"allow":["GET"]}}],"collection":[{"href":"https:\/\/eventreisen-northing.de\/index.php?rest_route=\/wp\/v2\/pages"}],"about":[{"href":"https:\/\/eventreisen-northing.de\/index.php?rest_route=\/wp\/v2\/types\/page"}],"author":[{"embeddable":true,"href":"https:\/\/eventreisen-northing.de\/index.php?rest_route=\/wp\/v2\/users\/1"}],"replies":[{"embeddable":true,"href":"https:\/\/eventreisen-northing.de\/index.php?rest_route=%2Fwp%2Fv2%2Fcomments&post=114"}],"version-history":[{"count":1,"href":"https:\/\/eventreisen-northing.de\/index.php?rest_route=\/wp\/v2\/pages\/114\/revisions"}],"predecessor-version":[{"id":115,"href":"https:\/\/eventreisen-northing.de\/index.php?rest_route=\/wp\/v2\/pages\/114\/revisions\/115"}],"wp:attachment":[{"href":"https:\/\/eventreisen-northing.de\/index.php?rest_route=%2Fwp%2Fv2%2Fmedia&parent=114"}],"curies":[{"name":"wp","href":"https:\/\/api.w.org\/{rel}","templated":true}]}}