{"id":164,"date":"2025-01-16T10:46:13","date_gmt":"2025-01-16T10:46:13","guid":{"rendered":"https:\/\/eventreisen-northing.de\/?page_id=164"},"modified":"2025-01-16T10:49:37","modified_gmt":"2025-01-16T10:49:37","slug":"buchungsanfrage","status":"publish","type":"page","link":"https:\/\/eventreisen-northing.de\/?page_id=164","title":{"rendered":"Buchungsanfrage"},"content":{"rendered":"\n<div class=\"wp-block-group has-global-padding is-layout-constrained wp-container-core-group-is-layout-c9115f92 wp-block-group-is-layout-constrained\" style=\"padding-right:var(--wp--preset--spacing--20);padding-left:var(--wp--preset--spacing--20)\">\n<h2 class=\"wp-block-heading\">Buchungsanfrage<\/h2>\n<\/div>\n\n\n\n<p>Du geh\u00f6rst zu elit\u00e4ren Kreis, der bereits einen Buchungscode besitzt? <\/p>\n\n\n\n<p><\/p>\n\n\n\n<p>Dann sprich unsere digitale Mitarbeiterin <strong>AI-Leenchen<\/strong> an und kl\u00e4re mit ihr alles weitere!<\/p>\n\n\n<typebot-standard id=\"jU6XSvOwW9\" style=\"width: 100%; height: 600px;\"><\/typebot-standard><script type=\"module\">\n    import Typebot from \"https:\/\/cdn.jsdelivr.net\/npm\/@typebot.io\/js@0.3.27\/dist\/web.js\"\n    const urlParams = new URLSearchParams(window.location.search);\n    const queryParams = Object.fromEntries(urlParams.entries());\n    Typebot.initStandard({ apiHost: \"https:\/\/chat.eventreisen-northing.de:443\", wsHost: \"partykit.typebot.io\", id: \"jU6XSvOwW9\", typebot: \"eventreisen-northing-aileenchen-tmbzqvl\", prefilledVariables: { ...window.typebotWpUser, ...queryParams } });<\/script>\n\n\n\n<p><\/p>\n","protected":false},"excerpt":{"rendered":"<p>Buchungsanfrage Du geh\u00f6rst zu elit\u00e4ren Kreis, der bereits einen Buchungscode besitzt? Dann sprich unsere digitale Mitarbeiterin AI-Leenchen an und kl\u00e4re mit ihr alles weitere!<\/p>\n","protected":false},"author":1,"featured_media":0,"parent":0,"menu_order":0,"comment_status":"closed","ping_status":"closed","template":"","meta":{"footnotes":""},"class_list":["post-164","page","type-page","status-publish","hentry"],"_links":{"self":[{"href":"https:\/\/eventreisen-northing.de\/index.php?rest_route=\/wp\/v2\/pages\/164","targetHints":{"allow":["GET"]}}],"collection":[{"href":"https:\/\/eventreisen-northing.de\/index.php?rest_route=\/wp\/v2\/pages"}],"about":[{"href":"https:\/\/eventreisen-northing.de\/index.php?rest_route=\/wp\/v2\/types\/page"}],"author":[{"embeddable":true,"href":"https:\/\/eventreisen-northing.de\/index.php?rest_route=\/wp\/v2\/users\/1"}],"replies":[{"embeddable":true,"href":"https:\/\/eventreisen-northing.de\/index.php?rest_route=%2Fwp%2Fv2%2Fcomments&post=164"}],"version-history":[{"count":2,"href":"https:\/\/eventreisen-northing.de\/index.php?rest_route=\/wp\/v2\/pages\/164\/revisions"}],"predecessor-version":[{"id":166,"href":"https:\/\/eventreisen-northing.de\/index.php?rest_route=\/wp\/v2\/pages\/164\/revisions\/166"}],"wp:attachment":[{"href":"https:\/\/eventreisen-northing.de\/index.php?rest_route=%2Fwp%2Fv2%2Fmedia&parent=164"}],"curies":[{"name":"wp","href":"https:\/\/api.w.org\/{rel}","templated":true}]}}