{"id":40,"date":"2025-01-15T16:07:14","date_gmt":"2025-01-15T16:07:14","guid":{"rendered":"https:\/\/eventreisen-northing.de\/?page_id=40"},"modified":"2025-01-15T16:07:14","modified_gmt":"2025-01-15T16:07:14","slug":"eventreisen-northing-nicht-lang-schnacken-koffer-packen","status":"publish","type":"page","link":"https:\/\/eventreisen-northing.de\/?page_id=40","title":{"rendered":"Eventreisen Northing &#8211; Nicht lang schnacken, Koffer packen!"},"content":{"rendered":"\n<h2 class=\"wp-block-heading has-text-align-center\">Eventreisen Northing <\/h2>\n\n\n\n<h3 class=\"wp-block-heading has-text-align-center\">Nicht lang schnacken, Koffer packen!<\/h3>\n\n\n\n<p>Du liebst das Gef\u00fchl, wenn der Wind dir um die Nase weht, die Achterbahn dich in den Himmel katapultiert oder der perfekte Roadtrip-Moment mit einem k\u00fchlen Drink in der Hand gefeiert wird? <br><br>Dann bist du bei EVENTREISEN NORTHING genau richtig!<\/p>\n\n\n\n<p>Wir bringen Abenteuer, Freiheit und eine ordentliche Portion Spa\u00df direkt in dein Leben!<br><br>Aber wer sind wir \u00fcberhaupt? Wir, das bin ich, Eileen Northing und Gr\u00fcnderin von Eventreisen Northing &#8211; kreative Reiseplanerin mit einer Leidenschaft f\u00fcr au\u00dfergew\u00f6hnliche Erlebnisse &#8211; und Martin Kretschmer, mein Partner und dein Experte f\u00fcr die perfekte Mischung aus Organisation und das der ganze Bums hier online funktioniert.<br><br>Gemeinsam machen wir jede Reise einzigartig und unvergesslich!<br>Ob aufregende Freizeitpark-Touren, ma\u00dfgeschneiderte Roadtrips oder verr\u00fcckte Party-Events &#8211; wir planen deine Reise so individuell wie du selbst.<\/p>\n\n\n\n<p>Vom ersten Gedanken bis zum letzten Schnaps k\u00fcmmern wir uns um alles: Unterk\u00fcnfte, Fahrzeuge, Events und sogar um deinen pers\u00f6nlichen Nervenkitzel-Mix. <br>Und das Beste? Abenteurer m\u00fcssen nicht die Welt kosten, um unvergesslich zu sein!<\/p>\n\n\n\n<p>Vergiss den Stress der Planung &#8211; lehn dich zur\u00fcck, schnapp dir deine Freunde oder Familie, \u00f6ffne dir ein Bier und lass uns gemeinsam unvergessliche Erlebnisse schaffen.<\/p>\n\n\n\n<p>Dein Abenteuer wartet!<\/p>\n","protected":false},"excerpt":{"rendered":"<p>Eventreisen Northing Nicht lang schnacken, Koffer packen! Du liebst das Gef\u00fchl, wenn der Wind dir um die Nase weht, die Achterbahn dich in den Himmel katapultiert oder der perfekte Roadtrip-Moment mit einem k\u00fchlen Drink in der Hand gefeiert wird? Dann bist du bei EVENTREISEN NORTHING genau richtig! Wir bringen Abenteuer, Freiheit und eine ordentliche Portion [&hellip;]<\/p>\n","protected":false},"author":1,"featured_media":0,"parent":0,"menu_order":0,"comment_status":"closed","ping_status":"closed","template":"","meta":{"footnotes":""},"class_list":["post-40","page","type-page","status-publish","hentry"],"_links":{"self":[{"href":"https:\/\/eventreisen-northing.de\/index.php?rest_route=\/wp\/v2\/pages\/40","targetHints":{"allow":["GET"]}}],"collection":[{"href":"https:\/\/eventreisen-northing.de\/index.php?rest_route=\/wp\/v2\/pages"}],"about":[{"href":"https:\/\/eventreisen-northing.de\/index.php?rest_route=\/wp\/v2\/types\/page"}],"author":[{"embeddable":true,"href":"https:\/\/eventreisen-northing.de\/index.php?rest_route=\/wp\/v2\/users\/1"}],"replies":[{"embeddable":true,"href":"https:\/\/eventreisen-northing.de\/index.php?rest_route=%2Fwp%2Fv2%2Fcomments&post=40"}],"version-history":[{"count":3,"href":"https:\/\/eventreisen-northing.de\/index.php?rest_route=\/wp\/v2\/pages\/40\/revisions"}],"predecessor-version":[{"id":139,"href":"https:\/\/eventreisen-northing.de\/index.php?rest_route=\/wp\/v2\/pages\/40\/revisions\/139"}],"wp:attachment":[{"href":"https:\/\/eventreisen-northing.de\/index.php?rest_route=%2Fwp%2Fv2%2Fmedia&parent=40"}],"curies":[{"name":"wp","href":"https:\/\/api.w.org\/{rel}","templated":true}]}}