{"id":89,"date":"2025-01-15T16:05:32","date_gmt":"2025-01-15T16:05:32","guid":{"rendered":"https:\/\/eventreisen-northing.de\/?page_id=89"},"modified":"2025-01-16T11:34:59","modified_gmt":"2025-01-16T11:34:59","slug":"freizeitpark-touren","status":"publish","type":"page","link":"https:\/\/eventreisen-northing.de\/?page_id=89","title":{"rendered":"Freizeitpark-Touren"},"content":{"rendered":"\n<div class=\"wp-block-cover wp-duotone-001a29-00b4e5-1\"><span aria-hidden=\"true\" class=\"wp-block-cover__background has-background-dim\"><\/span><img loading=\"lazy\" decoding=\"async\" width=\"2560\" height=\"1440\" class=\"wp-block-cover__image-background wp-image-44\" alt=\"\" src=\"https:\/\/eventreisen-northing.de\/wp-content\/uploads\/2025\/01\/pexels-pixabay-34524-scaled.jpg\" data-object-fit=\"cover\" srcset=\"https:\/\/eventreisen-northing.de\/wp-content\/uploads\/2025\/01\/pexels-pixabay-34524-scaled.jpg 2560w, https:\/\/eventreisen-northing.de\/wp-content\/uploads\/2025\/01\/pexels-pixabay-34524-768x432.jpg 768w, https:\/\/eventreisen-northing.de\/wp-content\/uploads\/2025\/01\/pexels-pixabay-34524-1536x864.jpg 1536w, https:\/\/eventreisen-northing.de\/wp-content\/uploads\/2025\/01\/pexels-pixabay-34524-2048x1152.jpg 2048w\" sizes=\"auto, (max-width: 2560px) 100vw, 2560px\" \/><div class=\"wp-block-cover__inner-container is-layout-flow wp-block-cover-is-layout-flow\">\n<h2 class=\"wp-block-heading has-text-align-center\">Freizeitpark-Touren<\/h2>\n\n\n\n<h3 class=\"wp-block-heading has-text-align-center\">Adrenalin und Achterbahnen<\/h3>\n<\/div><\/div>\n\n\n\n<div style=\"height:100px\" aria-hidden=\"true\" class=\"wp-block-spacer\"><\/div>\n\n\n\n<p class=\"has-text-align-center\"><strong>Wir bringen dich und deine Gruppe und die aufregendsten Freizeitparks der Welt!<\/strong> <br><\/p>\n\n\n\n<p>Egal ob f\u00fcr einen Tag voller Nervenkitzel oder eine mehrt\u00e4gige Tour &#8211; wir k\u00fcmmern uns um Tickets, Anreise und Unterkunft. <\/p>\n\n\n\n<p>Alles, was du tun musst, ist einzusteigen und die wilden Achterbahnfahrten genie\u00dfen.<\/p>\n\n\n\n<p>Falls du mehr \u00fcber m\u00f6gliche Freizeitparks erfahren m\u00f6chtest, schau doch mal in unserem <a href=\"https:\/\/eventreisen-northing.de\/?page_id=150\" data-type=\"page\" data-id=\"150\">Blog<\/a> vorbei!<\/p>\n\n\n\n<p>Falls du eine Freizeitparkreise buchen m\u00f6chtest, schau bei AI-Leenchen vorbei und stelle eine <a href=\"https:\/\/eventreisen-northing.de\/?page_id=164\" data-type=\"page\" data-id=\"164\">Buchungsanfrage<\/a>!<\/p>\n","protected":false},"excerpt":{"rendered":"<p>Wir bringen dich und deine Gruppe und die aufregendsten Freizeitparks der Welt! Egal ob f\u00fcr einen Tag voller Nervenkitzel oder eine mehrt\u00e4gige Tour &#8211; wir k\u00fcmmern uns um Tickets, Anreise und Unterkunft. Alles, was du tun musst, ist einzusteigen und die wilden Achterbahnfahrten genie\u00dfen. Falls du mehr \u00fcber m\u00f6gliche Freizeitparks erfahren m\u00f6chtest, schau doch mal [&hellip;]<\/p>\n","protected":false},"author":1,"featured_media":0,"parent":0,"menu_order":0,"comment_status":"closed","ping_status":"closed","template":"","meta":{"footnotes":""},"class_list":["post-89","page","type-page","status-publish","hentry"],"_links":{"self":[{"href":"https:\/\/eventreisen-northing.de\/index.php?rest_route=\/wp\/v2\/pages\/89","targetHints":{"allow":["GET"]}}],"collection":[{"href":"https:\/\/eventreisen-northing.de\/index.php?rest_route=\/wp\/v2\/pages"}],"about":[{"href":"https:\/\/eventreisen-northing.de\/index.php?rest_route=\/wp\/v2\/types\/page"}],"author":[{"embeddable":true,"href":"https:\/\/eventreisen-northing.de\/index.php?rest_route=\/wp\/v2\/users\/1"}],"replies":[{"embeddable":true,"href":"https:\/\/eventreisen-northing.de\/index.php?rest_route=%2Fwp%2Fv2%2Fcomments&post=89"}],"version-history":[{"count":7,"href":"https:\/\/eventreisen-northing.de\/index.php?rest_route=\/wp\/v2\/pages\/89\/revisions"}],"predecessor-version":[{"id":168,"href":"https:\/\/eventreisen-northing.de\/index.php?rest_route=\/wp\/v2\/pages\/89\/revisions\/168"}],"wp:attachment":[{"href":"https:\/\/eventreisen-northing.de\/index.php?rest_route=%2Fwp%2Fv2%2Fmedia&parent=89"}],"curies":[{"name":"wp","href":"https:\/\/api.w.org\/{rel}","templated":true}]}}